{"id":2379,"date":"2020-12-29T16:33:35","date_gmt":"2020-12-29T15:33:35","guid":{"rendered":"https:\/\/asteropeart.bitrotator.net\/?post_type=product&#038;p=2379"},"modified":"2020-12-30T10:24:35","modified_gmt":"2020-12-30T09:24:35","slug":"stanley-horse-shield","status":"publish","type":"product","link":"https:\/\/asteropeart.bitrotator.net\/de\/product\/stanley-horse-plate\/","title":{"rendered":"Pferde Schild \"Stanley\""},"content":{"rendered":"","protected":false},"excerpt":{"rendered":"<p>Ein Schild f\u00fcr das geliebte Pferd. CNC gefr\u00e4st und gef\u00fcllt mit feinem, gef\u00e4rbten Kies und Glitter. Mittels Lack rundum versiegelt. Das Schild kann an der Stallt\u00fcre oder \u00e4hnlichem montiert werden.<\/p>","protected":false},"featured_media":2368,"template":"","meta":[],"product_brand":[],"product_cat":[39,42,36],"product_tag":[],"class_list":{"0":"post-2379","1":"product","2":"type-product","3":"status-publish","4":"has-post-thumbnail","6":"product_cat-gifts","7":"product_cat-plate","8":"product_cat-uncategorized","10":"first","11":"outofstock","12":"shipping-taxable","13":"product-type-simple"},"_links":{"self":[{"href":"https:\/\/asteropeart.bitrotator.net\/de\/wp-json\/wp\/v2\/product\/2379","targetHints":{"allow":["GET"]}}],"collection":[{"href":"https:\/\/asteropeart.bitrotator.net\/de\/wp-json\/wp\/v2\/product"}],"about":[{"href":"https:\/\/asteropeart.bitrotator.net\/de\/wp-json\/wp\/v2\/types\/product"}],"wp:featuredmedia":[{"embeddable":true,"href":"https:\/\/asteropeart.bitrotator.net\/de\/wp-json\/wp\/v2\/media\/2368"}],"wp:attachment":[{"href":"https:\/\/asteropeart.bitrotator.net\/de\/wp-json\/wp\/v2\/media?parent=2379"}],"wp:term":[{"taxonomy":"product_brand","embeddable":true,"href":"https:\/\/asteropeart.bitrotator.net\/de\/wp-json\/wp\/v2\/product_brand?post=2379"},{"taxonomy":"product_cat","embeddable":true,"href":"https:\/\/asteropeart.bitrotator.net\/de\/wp-json\/wp\/v2\/product_cat?post=2379"},{"taxonomy":"product_tag","embeddable":true,"href":"https:\/\/asteropeart.bitrotator.net\/de\/wp-json\/wp\/v2\/product_tag?post=2379"}],"curies":[{"name":"wp","href":"https:\/\/api.w.org\/{rel}","templated":true}]}}