{"id":2378,"date":"2020-12-29T16:30:29","date_gmt":"2020-12-29T15:30:29","guid":{"rendered":"https:\/\/asteropeart.bitrotator.net\/?post_type=product&#038;p=2378"},"modified":"2020-12-29T16:30:30","modified_gmt":"2020-12-29T15:30:30","slug":"mandala-tealight","status":"publish","type":"product","link":"https:\/\/asteropeart.bitrotator.net\/de\/produkt\/mandala-tealight\/","title":{"rendered":"Mandala Teelicht"},"content":{"rendered":"","protected":false},"excerpt":{"rendered":"<p>5-lagiges Mandala Teelicht zur Tischdekoration. Ein wundervolles Geschenk oder f\u00fcr sich selbst zur Entspannung. Lasergeschnittenes unbehandeltes Holz mit zweif\u00e4rbiger Spr\u00fchlakierung.<\/p>","protected":false},"featured_media":2372,"template":"","meta":[],"product_brand":[],"product_cat":[39,35,34,36],"product_tag":[],"class_list":{"0":"post-2378","1":"product","2":"type-product","3":"status-publish","4":"has-post-thumbnail","6":"product_cat-gifts","7":"product_cat-room-decoration","8":"product_cat-table-decoration","9":"product_cat-uncategorized","11":"first","12":"outofstock","13":"shipping-taxable","14":"product-type-simple"},"_links":{"self":[{"href":"https:\/\/asteropeart.bitrotator.net\/de\/wp-json\/wp\/v2\/product\/2378","targetHints":{"allow":["GET"]}}],"collection":[{"href":"https:\/\/asteropeart.bitrotator.net\/de\/wp-json\/wp\/v2\/product"}],"about":[{"href":"https:\/\/asteropeart.bitrotator.net\/de\/wp-json\/wp\/v2\/types\/product"}],"wp:featuredmedia":[{"embeddable":true,"href":"https:\/\/asteropeart.bitrotator.net\/de\/wp-json\/wp\/v2\/media\/2372"}],"wp:attachment":[{"href":"https:\/\/asteropeart.bitrotator.net\/de\/wp-json\/wp\/v2\/media?parent=2378"}],"wp:term":[{"taxonomy":"product_brand","embeddable":true,"href":"https:\/\/asteropeart.bitrotator.net\/de\/wp-json\/wp\/v2\/product_brand?post=2378"},{"taxonomy":"product_cat","embeddable":true,"href":"https:\/\/asteropeart.bitrotator.net\/de\/wp-json\/wp\/v2\/product_cat?post=2378"},{"taxonomy":"product_tag","embeddable":true,"href":"https:\/\/asteropeart.bitrotator.net\/de\/wp-json\/wp\/v2\/product_tag?post=2378"}],"curies":[{"name":"wp","href":"https:\/\/api.w.org\/{rel}","templated":true}]}}