{"id":2293,"date":"2020-12-28T23:26:43","date_gmt":"2020-12-28T22:26:43","guid":{"rendered":"https:\/\/asteropeart.bitrotator.net\/?post_type=product&#038;p=2293"},"modified":"2020-12-29T19:11:01","modified_gmt":"2020-12-29T18:11:01","slug":"coaster-lasercut-engraved-airbrushed","status":"publish","type":"product","link":"https:\/\/asteropeart.bitrotator.net\/de\/produkt\/coaster-lasercut-engraved-airbrushed\/","title":{"rendered":"Untersetzer Holz - lasergeschnitten, graviert &amp; airbrushed"},"content":{"rendered":"","protected":false},"excerpt":{"rendered":"<p>Dieser Untersetzer ist speziell f\u00fcr Restaurants und Caffes sowie f\u00fcr spezielle Anl\u00e4sse als auch zum Marketing geeignet. Lasergeschnitten aus unbehandeltem Holz, anschlie\u00dfend airgebrushed und mit Lack versiegelt. Auf der Unterseite ist ein Filz angebracht um ein Rutschen zu verhinden. Personalisierung nach Wunsch ist m\u00f6glich.<\/p>","protected":false},"featured_media":491,"template":"","meta":[],"product_brand":[],"product_cat":[39,35,34,36,43],"product_tag":[],"class_list":{"0":"post-2293","1":"product","2":"type-product","3":"status-publish","4":"has-post-thumbnail","6":"product_cat-gifts","7":"product_cat-room-decoration","8":"product_cat-table-decoration","9":"product_cat-uncategorized","10":"product_cat-usefulthings","12":"first","13":"outofstock","14":"shipping-taxable","15":"product-type-simple"},"_links":{"self":[{"href":"https:\/\/asteropeart.bitrotator.net\/de\/wp-json\/wp\/v2\/product\/2293","targetHints":{"allow":["GET"]}}],"collection":[{"href":"https:\/\/asteropeart.bitrotator.net\/de\/wp-json\/wp\/v2\/product"}],"about":[{"href":"https:\/\/asteropeart.bitrotator.net\/de\/wp-json\/wp\/v2\/types\/product"}],"wp:featuredmedia":[{"embeddable":true,"href":"https:\/\/asteropeart.bitrotator.net\/de\/wp-json\/wp\/v2\/media\/491"}],"wp:attachment":[{"href":"https:\/\/asteropeart.bitrotator.net\/de\/wp-json\/wp\/v2\/media?parent=2293"}],"wp:term":[{"taxonomy":"product_brand","embeddable":true,"href":"https:\/\/asteropeart.bitrotator.net\/de\/wp-json\/wp\/v2\/product_brand?post=2293"},{"taxonomy":"product_cat","embeddable":true,"href":"https:\/\/asteropeart.bitrotator.net\/de\/wp-json\/wp\/v2\/product_cat?post=2293"},{"taxonomy":"product_tag","embeddable":true,"href":"https:\/\/asteropeart.bitrotator.net\/de\/wp-json\/wp\/v2\/product_tag?post=2293"}],"curies":[{"name":"wp","href":"https:\/\/api.w.org\/{rel}","templated":true}]}}