{"id":2254,"date":"2020-11-01T18:50:18","date_gmt":"2020-11-01T17:50:18","guid":{"rendered":"https:\/\/asteropeart.bitrotator.net\/?post_type=product&#038;p=2254"},"modified":"2020-12-28T19:07:40","modified_gmt":"2020-12-28T18:07:40","slug":"laptop-and-tablet-stand","status":"publish","type":"product","link":"https:\/\/asteropeart.bitrotator.net\/de\/produkt\/laptop-and-tablet-stand\/","title":{"rendered":"Laptop und Tablet St\u00e4nder"},"content":{"rendered":"","protected":false},"excerpt":{"rendered":"<p>Aus unbehandeltem Holz, lasergeschnittener Laptop und Tablet St\u00e4nder. Die obere Ablagefl\u00e4che hat Ventilations\u00f6ffnungen zur K\u00fchlung, der untere Bereich kann als Ablage oder f\u00fcr ein Keyboard verwendet werden. Der St\u00e4nder ist sehr stabil und kann einen Laptop sowohl ge\u00f6ffnet als auch geschlossen tragen.\n\nPersonalisierung nach Wunsch ist m\u00f6glich.<\/p>","protected":false},"featured_media":1358,"template":"","meta":[],"product_brand":[],"product_cat":[35,34,36],"product_tag":[],"class_list":{"0":"post-2254","1":"product","2":"type-product","3":"status-publish","4":"has-post-thumbnail","6":"product_cat-room-decoration","7":"product_cat-table-decoration","8":"product_cat-uncategorized","10":"first","11":"outofstock","12":"shipping-taxable","13":"product-type-simple"},"_links":{"self":[{"href":"https:\/\/asteropeart.bitrotator.net\/de\/wp-json\/wp\/v2\/product\/2254","targetHints":{"allow":["GET"]}}],"collection":[{"href":"https:\/\/asteropeart.bitrotator.net\/de\/wp-json\/wp\/v2\/product"}],"about":[{"href":"https:\/\/asteropeart.bitrotator.net\/de\/wp-json\/wp\/v2\/types\/product"}],"wp:featuredmedia":[{"embeddable":true,"href":"https:\/\/asteropeart.bitrotator.net\/de\/wp-json\/wp\/v2\/media\/1358"}],"wp:attachment":[{"href":"https:\/\/asteropeart.bitrotator.net\/de\/wp-json\/wp\/v2\/media?parent=2254"}],"wp:term":[{"taxonomy":"product_brand","embeddable":true,"href":"https:\/\/asteropeart.bitrotator.net\/de\/wp-json\/wp\/v2\/product_brand?post=2254"},{"taxonomy":"product_cat","embeddable":true,"href":"https:\/\/asteropeart.bitrotator.net\/de\/wp-json\/wp\/v2\/product_cat?post=2254"},{"taxonomy":"product_tag","embeddable":true,"href":"https:\/\/asteropeart.bitrotator.net\/de\/wp-json\/wp\/v2\/product_tag?post=2254"}],"curies":[{"name":"wp","href":"https:\/\/api.w.org\/{rel}","templated":true}]}}