{"id":2252,"date":"2020-11-01T18:21:54","date_gmt":"2020-11-01T17:21:54","guid":{"rendered":"https:\/\/asteropeart.bitrotator.net\/?post_type=product&#038;p=2252"},"modified":"2020-12-30T11:29:36","modified_gmt":"2020-12-30T10:29:36","slug":"candle-set","status":"publish","type":"product","link":"https:\/\/asteropeart.bitrotator.net\/de\/produkt\/candle-set\/","title":{"rendered":"Kerzen Set"},"content":{"rendered":"","protected":false},"excerpt":{"rendered":"<p>Aus unbehandeltem Holz, CNC gefr\u00e4stes Kerzen Set f\u00fcr verschiedene Anl\u00e4sse. Das Set kann ohne Klebstoff selbst zusammen gesetzt werden. Wenn es auseinander genommen ist, kann es ohne viel Platz zu ben\u00f6tigen verstaut werden.<\/p>\n<p>&nbsp;<\/p>","protected":false},"featured_media":1397,"template":"","meta":[],"product_brand":[],"product_cat":[38,35,34,36],"product_tag":[],"class_list":{"0":"post-2252","1":"product","2":"type-product","3":"status-publish","4":"has-post-thumbnail","6":"product_cat-christmas","7":"product_cat-room-decoration","8":"product_cat-table-decoration","9":"product_cat-uncategorized","11":"first","12":"outofstock","13":"shipping-taxable","14":"product-type-simple"},"_links":{"self":[{"href":"https:\/\/asteropeart.bitrotator.net\/de\/wp-json\/wp\/v2\/product\/2252","targetHints":{"allow":["GET"]}}],"collection":[{"href":"https:\/\/asteropeart.bitrotator.net\/de\/wp-json\/wp\/v2\/product"}],"about":[{"href":"https:\/\/asteropeart.bitrotator.net\/de\/wp-json\/wp\/v2\/types\/product"}],"wp:featuredmedia":[{"embeddable":true,"href":"https:\/\/asteropeart.bitrotator.net\/de\/wp-json\/wp\/v2\/media\/1397"}],"wp:attachment":[{"href":"https:\/\/asteropeart.bitrotator.net\/de\/wp-json\/wp\/v2\/media?parent=2252"}],"wp:term":[{"taxonomy":"product_brand","embeddable":true,"href":"https:\/\/asteropeart.bitrotator.net\/de\/wp-json\/wp\/v2\/product_brand?post=2252"},{"taxonomy":"product_cat","embeddable":true,"href":"https:\/\/asteropeart.bitrotator.net\/de\/wp-json\/wp\/v2\/product_cat?post=2252"},{"taxonomy":"product_tag","embeddable":true,"href":"https:\/\/asteropeart.bitrotator.net\/de\/wp-json\/wp\/v2\/product_tag?post=2252"}],"curies":[{"name":"wp","href":"https:\/\/api.w.org\/{rel}","templated":true}]}}