{"id":1653,"date":"2020-08-30T17:48:40","date_gmt":"2020-08-30T16:48:40","guid":{"rendered":"https:\/\/asteropeart.bitrotator.net\/?post_type=product&#038;p=1653"},"modified":"2020-12-28T19:12:13","modified_gmt":"2020-12-28T18:12:13","slug":"small-christmas-decoration","status":"publish","type":"product","link":"https:\/\/asteropeart.bitrotator.net\/de\/produkt\/small-christmas-decoration\/","title":{"rendered":"Weihnachtsdekoration klein"},"content":{"rendered":"","protected":false},"excerpt":{"rendered":"<p>Diese f\u00fcnf weihnachtlichen Motive k\u00f6nnen f\u00fcr viele Gelegenheiten wie zur Dekoration, Bastel Projekte und Schmuck verwendet werden.\n\nLasergeschnitten aus unbehandeltem Holz.<\/p>","protected":false},"featured_media":1391,"template":"","meta":[],"product_brand":[],"product_cat":[37,35,34,36],"product_tag":[],"class_list":{"0":"post-1653","1":"product","2":"type-product","3":"status-publish","4":"has-post-thumbnail","6":"product_cat-jewellery","7":"product_cat-room-decoration","8":"product_cat-table-decoration","9":"product_cat-uncategorized","11":"first","12":"outofstock","13":"shipping-taxable","14":"product-type-simple"},"_links":{"self":[{"href":"https:\/\/asteropeart.bitrotator.net\/de\/wp-json\/wp\/v2\/product\/1653","targetHints":{"allow":["GET"]}}],"collection":[{"href":"https:\/\/asteropeart.bitrotator.net\/de\/wp-json\/wp\/v2\/product"}],"about":[{"href":"https:\/\/asteropeart.bitrotator.net\/de\/wp-json\/wp\/v2\/types\/product"}],"wp:featuredmedia":[{"embeddable":true,"href":"https:\/\/asteropeart.bitrotator.net\/de\/wp-json\/wp\/v2\/media\/1391"}],"wp:attachment":[{"href":"https:\/\/asteropeart.bitrotator.net\/de\/wp-json\/wp\/v2\/media?parent=1653"}],"wp:term":[{"taxonomy":"product_brand","embeddable":true,"href":"https:\/\/asteropeart.bitrotator.net\/de\/wp-json\/wp\/v2\/product_brand?post=1653"},{"taxonomy":"product_cat","embeddable":true,"href":"https:\/\/asteropeart.bitrotator.net\/de\/wp-json\/wp\/v2\/product_cat?post=1653"},{"taxonomy":"product_tag","embeddable":true,"href":"https:\/\/asteropeart.bitrotator.net\/de\/wp-json\/wp\/v2\/product_tag?post=1653"}],"curies":[{"name":"wp","href":"https:\/\/api.w.org\/{rel}","templated":true}]}}