{"id":1650,"date":"2020-08-30T17:37:42","date_gmt":"2020-08-30T16:37:42","guid":{"rendered":"https:\/\/asteropeart.bitrotator.net\/?post_type=product&#038;p=1650"},"modified":"2020-12-28T19:12:47","modified_gmt":"2020-12-28T18:12:47","slug":"mobile-phone-stand","status":"publish","type":"product","link":"https:\/\/asteropeart.bitrotator.net\/de\/produkt\/mobile-phone-stand\/","title":{"rendered":"Smartphonehalter"},"content":{"rendered":"","protected":false},"excerpt":{"rendered":"<p>Zerlegbarer Smartphonehalter geeignet f\u00fcr Smartphones als auch kleine Tablets. \nPersonalisierung nach Wunsch ist m\u00f6glich. Speziell f\u00fcr Restaurants und Caffes sowie f\u00fcr spezielle Anl\u00e4sse als auch zum Marketing geeignet.\nLasergeschnitten aus unbehandeltem Holz, der Schl\u00fcsselring ist wie auf den Bildern ersichtlich inkludiert.<\/p>","protected":false},"featured_media":1401,"template":"","meta":[],"product_brand":[],"product_cat":[35,34,36],"product_tag":[],"class_list":{"0":"post-1650","1":"product","2":"type-product","3":"status-publish","4":"has-post-thumbnail","6":"product_cat-room-decoration","7":"product_cat-table-decoration","8":"product_cat-uncategorized","10":"first","11":"outofstock","12":"shipping-taxable","13":"product-type-simple"},"_links":{"self":[{"href":"https:\/\/asteropeart.bitrotator.net\/de\/wp-json\/wp\/v2\/product\/1650","targetHints":{"allow":["GET"]}}],"collection":[{"href":"https:\/\/asteropeart.bitrotator.net\/de\/wp-json\/wp\/v2\/product"}],"about":[{"href":"https:\/\/asteropeart.bitrotator.net\/de\/wp-json\/wp\/v2\/types\/product"}],"wp:featuredmedia":[{"embeddable":true,"href":"https:\/\/asteropeart.bitrotator.net\/de\/wp-json\/wp\/v2\/media\/1401"}],"wp:attachment":[{"href":"https:\/\/asteropeart.bitrotator.net\/de\/wp-json\/wp\/v2\/media?parent=1650"}],"wp:term":[{"taxonomy":"product_brand","embeddable":true,"href":"https:\/\/asteropeart.bitrotator.net\/de\/wp-json\/wp\/v2\/product_brand?post=1650"},{"taxonomy":"product_cat","embeddable":true,"href":"https:\/\/asteropeart.bitrotator.net\/de\/wp-json\/wp\/v2\/product_cat?post=1650"},{"taxonomy":"product_tag","embeddable":true,"href":"https:\/\/asteropeart.bitrotator.net\/de\/wp-json\/wp\/v2\/product_tag?post=1650"}],"curies":[{"name":"wp","href":"https:\/\/api.w.org\/{rel}","templated":true}]}}