{"id":1648,"date":"2020-08-30T17:22:08","date_gmt":"2020-08-30T16:22:08","guid":{"rendered":"https:\/\/asteropeart.bitrotator.net\/?post_type=product&#038;p=1648"},"modified":"2020-12-28T19:14:01","modified_gmt":"2020-12-28T18:14:01","slug":"small-keepsake-box-with-lid","status":"publish","type":"product","link":"https:\/\/asteropeart.bitrotator.net\/de\/produkt\/small-keepsake-box-with-lid\/","title":{"rendered":"Kleine Andenkenbox mit Klappdeckel"},"content":{"rendered":"","protected":false},"excerpt":{"rendered":"<p>Aufbewahrungsbox mit Klappdeckel f\u00fcr kleine Gegenst\u00e4nde. Speziell f\u00fcr Restaurants und Caffes sowie f\u00fcr spezielle Anl\u00e4sse als auch zum Marketing geeignet.\nLasergeschnitten aus unbehandeltem Holz, Personalisierung nach Wunsch ist m\u00f6glich.<\/p>","protected":false},"featured_media":1414,"template":"","meta":[],"product_brand":[],"product_cat":[18,37,35,34,36],"product_tag":[],"class_list":{"0":"post-1648","1":"product","2":"type-product","3":"status-publish","4":"has-post-thumbnail","6":"product_cat-boxes","7":"product_cat-jewellery","8":"product_cat-room-decoration","9":"product_cat-table-decoration","10":"product_cat-uncategorized","12":"first","13":"outofstock","14":"shipping-taxable","15":"product-type-simple"},"_links":{"self":[{"href":"https:\/\/asteropeart.bitrotator.net\/de\/wp-json\/wp\/v2\/product\/1648","targetHints":{"allow":["GET"]}}],"collection":[{"href":"https:\/\/asteropeart.bitrotator.net\/de\/wp-json\/wp\/v2\/product"}],"about":[{"href":"https:\/\/asteropeart.bitrotator.net\/de\/wp-json\/wp\/v2\/types\/product"}],"wp:featuredmedia":[{"embeddable":true,"href":"https:\/\/asteropeart.bitrotator.net\/de\/wp-json\/wp\/v2\/media\/1414"}],"wp:attachment":[{"href":"https:\/\/asteropeart.bitrotator.net\/de\/wp-json\/wp\/v2\/media?parent=1648"}],"wp:term":[{"taxonomy":"product_brand","embeddable":true,"href":"https:\/\/asteropeart.bitrotator.net\/de\/wp-json\/wp\/v2\/product_brand?post=1648"},{"taxonomy":"product_cat","embeddable":true,"href":"https:\/\/asteropeart.bitrotator.net\/de\/wp-json\/wp\/v2\/product_cat?post=1648"},{"taxonomy":"product_tag","embeddable":true,"href":"https:\/\/asteropeart.bitrotator.net\/de\/wp-json\/wp\/v2\/product_tag?post=1648"}],"curies":[{"name":"wp","href":"https:\/\/api.w.org\/{rel}","templated":true}]}}