{"id":1645,"date":"2020-08-30T17:12:38","date_gmt":"2020-08-30T16:12:38","guid":{"rendered":"https:\/\/asteropeart.bitrotator.net\/?post_type=product&#038;p=1645"},"modified":"2020-12-30T10:43:30","modified_gmt":"2020-12-30T09:43:30","slug":"coffee-capsule-box","status":"publish","type":"product","link":"https:\/\/asteropeart.bitrotator.net\/de\/produkt\/coffee-capsule-box\/","title":{"rendered":"Kaffee Kapsel Aufbewahrungsbox"},"content":{"rendered":"","protected":false},"excerpt":{"rendered":"<p>Box mit Klappdeckel zur Aufbewahrung von Kaffeekapseln oder anderen Gegenst\u00e4nden. Speziell f\u00fcr Restaurants und Caffes sowie f\u00fcr spezielle Anl\u00e4sse als auch zum Marketing geeignet. Personalisierung nach Wunsch ist m\u00f6glich.\nLasergeschnitten aus unbehandeltem Holz und mit Lack versiegelt.<\/p>","protected":false},"featured_media":1426,"template":"","meta":[],"product_brand":[],"product_cat":[18,35,34,36],"product_tag":[],"class_list":{"0":"post-1645","1":"product","2":"type-product","3":"status-publish","4":"has-post-thumbnail","6":"product_cat-boxes","7":"product_cat-room-decoration","8":"product_cat-table-decoration","9":"product_cat-uncategorized","11":"first","12":"outofstock","13":"shipping-taxable","14":"product-type-simple"},"_links":{"self":[{"href":"https:\/\/asteropeart.bitrotator.net\/de\/wp-json\/wp\/v2\/product\/1645","targetHints":{"allow":["GET"]}}],"collection":[{"href":"https:\/\/asteropeart.bitrotator.net\/de\/wp-json\/wp\/v2\/product"}],"about":[{"href":"https:\/\/asteropeart.bitrotator.net\/de\/wp-json\/wp\/v2\/types\/product"}],"wp:featuredmedia":[{"embeddable":true,"href":"https:\/\/asteropeart.bitrotator.net\/de\/wp-json\/wp\/v2\/media\/1426"}],"wp:attachment":[{"href":"https:\/\/asteropeart.bitrotator.net\/de\/wp-json\/wp\/v2\/media?parent=1645"}],"wp:term":[{"taxonomy":"product_brand","embeddable":true,"href":"https:\/\/asteropeart.bitrotator.net\/de\/wp-json\/wp\/v2\/product_brand?post=1645"},{"taxonomy":"product_cat","embeddable":true,"href":"https:\/\/asteropeart.bitrotator.net\/de\/wp-json\/wp\/v2\/product_cat?post=1645"},{"taxonomy":"product_tag","embeddable":true,"href":"https:\/\/asteropeart.bitrotator.net\/de\/wp-json\/wp\/v2\/product_tag?post=1645"}],"curies":[{"name":"wp","href":"https:\/\/api.w.org\/{rel}","templated":true}]}}