{"id":1643,"date":"2020-08-30T15:43:41","date_gmt":"2020-08-30T14:43:41","guid":{"rendered":"https:\/\/asteropeart.bitrotator.net\/?post_type=product&#038;p=1643"},"modified":"2020-12-28T19:16:22","modified_gmt":"2020-12-28T18:16:22","slug":"reserved-coaster","status":"publish","type":"product","link":"https:\/\/asteropeart.bitrotator.net\/de\/product\/square-round-edges-coaster","title":{"rendered":"Quadratischer Untersetzer mit runden Ecken"},"content":{"rendered":"","protected":false},"excerpt":{"rendered":"<p>Dieser Untersetzer ist speziell f\u00fcr Restaurants und Caffes sowie f\u00fcr spezielle Anl\u00e4sse als auch zum Marketing geeignet. Lasergeschnitten aus unbehandeltem Holz, anschlie\u00dfend airgebrushed und mit Lack versiegelt.\nAuf der Unterseite ist ein Filz angebracht um ein Rutschen zu verhinden.\nPersonalisierung nach Wunsch ist m\u00f6glich.<\/p>","protected":false},"featured_media":1512,"template":"","meta":[],"product_brand":[],"product_cat":[35,34,36],"product_tag":[],"class_list":{"0":"post-1643","1":"product","2":"type-product","3":"status-publish","4":"has-post-thumbnail","6":"product_cat-room-decoration","7":"product_cat-table-decoration","8":"product_cat-uncategorized","9":"product_shipping_class-standard","11":"first","12":"outofstock","13":"shipping-taxable","14":"product-type-simple"},"_links":{"self":[{"href":"https:\/\/asteropeart.bitrotator.net\/de\/wp-json\/wp\/v2\/product\/1643","targetHints":{"allow":["GET"]}}],"collection":[{"href":"https:\/\/asteropeart.bitrotator.net\/de\/wp-json\/wp\/v2\/product"}],"about":[{"href":"https:\/\/asteropeart.bitrotator.net\/de\/wp-json\/wp\/v2\/types\/product"}],"wp:featuredmedia":[{"embeddable":true,"href":"https:\/\/asteropeart.bitrotator.net\/de\/wp-json\/wp\/v2\/media\/1512"}],"wp:attachment":[{"href":"https:\/\/asteropeart.bitrotator.net\/de\/wp-json\/wp\/v2\/media?parent=1643"}],"wp:term":[{"taxonomy":"product_brand","embeddable":true,"href":"https:\/\/asteropeart.bitrotator.net\/de\/wp-json\/wp\/v2\/product_brand?post=1643"},{"taxonomy":"product_cat","embeddable":true,"href":"https:\/\/asteropeart.bitrotator.net\/de\/wp-json\/wp\/v2\/product_cat?post=1643"},{"taxonomy":"product_tag","embeddable":true,"href":"https:\/\/asteropeart.bitrotator.net\/de\/wp-json\/wp\/v2\/product_tag?post=1643"}],"curies":[{"name":"wp","href":"https:\/\/api.w.org\/{rel}","templated":true}]}}