{"id":1434,"date":"2020-08-16T11:41:53","date_gmt":"2020-08-16T10:41:53","guid":{"rendered":"https:\/\/asteropeart.bitrotator.net\/?post_type=product&#038;p=1434"},"modified":"2020-12-28T19:19:33","modified_gmt":"2020-12-28T18:19:33","slug":"cuttlery-holder-small","status":"publish","type":"product","link":"https:\/\/asteropeart.bitrotator.net\/de\/produkt\/cuttlery-holder-small\/","title":{"rendered":"Kleiner Serviettenhalter"},"content":{"rendered":"","protected":false},"excerpt":{"rendered":"<p>Dieser kleine Besteckhalter mit zwei F\u00e4chern kann Ihren W\u00fcnschen nach mittels Lasergravur oder Airbrush personalisiert werden. Texte oder Logos sind m\u00f6glich. Verwendbar f\u00fcr die t\u00e4gliche Nutzung oder zu speziellen Anl\u00e4ssen wie Marketing sowie in Restaurants und Caffes. Lasergeschnitten aus unbehandeltem Holz.<\/p>","protected":false},"featured_media":1357,"template":"","meta":[],"product_brand":[],"product_cat":[35,34,36],"product_tag":[],"class_list":{"0":"post-1434","1":"product","2":"type-product","3":"status-publish","4":"has-post-thumbnail","6":"product_cat-room-decoration","7":"product_cat-table-decoration","8":"product_cat-uncategorized","10":"first","11":"outofstock","12":"shipping-taxable","13":"product-type-simple"},"_links":{"self":[{"href":"https:\/\/asteropeart.bitrotator.net\/de\/wp-json\/wp\/v2\/product\/1434","targetHints":{"allow":["GET"]}}],"collection":[{"href":"https:\/\/asteropeart.bitrotator.net\/de\/wp-json\/wp\/v2\/product"}],"about":[{"href":"https:\/\/asteropeart.bitrotator.net\/de\/wp-json\/wp\/v2\/types\/product"}],"wp:featuredmedia":[{"embeddable":true,"href":"https:\/\/asteropeart.bitrotator.net\/de\/wp-json\/wp\/v2\/media\/1357"}],"wp:attachment":[{"href":"https:\/\/asteropeart.bitrotator.net\/de\/wp-json\/wp\/v2\/media?parent=1434"}],"wp:term":[{"taxonomy":"product_brand","embeddable":true,"href":"https:\/\/asteropeart.bitrotator.net\/de\/wp-json\/wp\/v2\/product_brand?post=1434"},{"taxonomy":"product_cat","embeddable":true,"href":"https:\/\/asteropeart.bitrotator.net\/de\/wp-json\/wp\/v2\/product_cat?post=1434"},{"taxonomy":"product_tag","embeddable":true,"href":"https:\/\/asteropeart.bitrotator.net\/de\/wp-json\/wp\/v2\/product_tag?post=1434"}],"curies":[{"name":"wp","href":"https:\/\/api.w.org\/{rel}","templated":true}]}}